{"id":3344,"date":"2023-08-22T10:29:03","date_gmt":"2023-08-22T08:29:03","guid":{"rendered":"https:\/\/www.fluentis.com\/?page_id=3344"},"modified":"2023-11-02T12:28:03","modified_gmt":"2023-11-02T11:28:03","slug":"politiche-per-la-qualita","status":"publish","type":"page","link":"https:\/\/www.fluentis.com\/it\/politiche-per-la-qualita\/","title":{"rendered":"Politiche per la qualit\u00e0"},"content":{"rendered":"\n<p>Fluentis \u00e8 un\u2019organizzazione che si prefigge di consolidare e di rafforzare la propria posizione in uno scenario nazionale ed in particolar modo in campo internazionale caratterizzato da:<\/p>\n\n\n\n<ul class=\"wp-block-list\">\n<li>Esigenze dei Clienti sempre pi\u00f9 pressanti;<\/li>\n\n\n\n<li>Evoluzione degli standard qualitativi dei prodotti e delle tecnologie informatiche volti al massimo raggiungimento dei requisiti espliciti ed impliciti.<\/li>\n<\/ul>\n\n\n\n<p>Ci\u00f2 significa perseguire con determinazione il pieno raggiungimento della soddisfazione del cliente e delle altre parti interessate che sono i dipendenti, i fornitori, i soci e la collettivit\u00e0.<br>Le esigenze e le aspettative dei clienti devono essere correttamente comprese e trasmesse all\u2019interno dell\u2019Azienda perch\u00e9 siano recepite ed interiorizzate a tutti i livelli attraverso l\u2019utilizzo di mezzi tecnologici ed innovativi. Ne segue che lo svolgimento delle attivit\u00e0 diventa pi\u00f9 efficiente ed efficace nel tempo. Con tali presupposti, l\u2019organizzazione intende la Qualit\u00e0 come:<\/p>\n\n\n\n<ul class=\"wp-block-list\">\n<li>Strumento di creazione del patrimonio aziendale e personale;<\/li>\n\n\n\n<li>Strumento per incrementare la redditivit\u00e0;<\/li>\n\n\n\n<li>Elemento di distinzione;<\/li>\n\n\n\n<li>Strumento di gestione;<\/li>\n\n\n\n<li>Strumento per traghettare l\u2019azienda dal livello di qualit\u00e0 a quello dell\u2019eccellenza incrementando e diversificando il business.<\/li>\n<\/ul>\n\n\n\n<p>Tutti, avendo come obiettivi i requisiti e le aspettative del Cliente\/Mercato e quelli cogenti applicabili, devono concentrarsi per ottimizzare, nel tempo, la prestazione globale:<\/p>\n\n\n\n<ul class=\"wp-block-list\">\n<li><strong>Ragionando<\/strong> sui fatti e su dati inequivocabili;<\/li>\n\n\n\n<li><strong>Utilizzando<\/strong>, sempre, impianti, attrezzature e risorse umane necessarie a produrre quanto richiesto nel rispetto delle norme vigenti in materia di ambiente, sicurezza e prevenzione;<\/li>\n\n\n\n<li><strong>Sviluppando<\/strong> le attivit\u00e0 secondo lo schema logico che consiste nel pianificare, nel mettere in atto, nel verificare, nell\u2019agire per il miglioramento e nel consolidare;<\/li>\n\n\n\n<li><strong>Seguendo<\/strong> i principi base della qualit\u00e0 e dell\u2019etica nei confronti dei clienti, dei collaboratori, dei dipendenti, dei fornitori e delle altre parti interessate;<\/li>\n\n\n\n<li><strong>Controllando<\/strong>, gestendo e migliorando i processi d\u2019azienda, misurando di continuo le prestazioni rapportandole agli obiettivi prefissati e correggendone eventualmente le deviazioni.<\/li>\n<\/ul>\n\n\n\n<p>Il miglioramento continuo passa attraverso il riesame annuale del proprio Sistema di Gestione per la Qualit\u00e0 coerente con questa Politica e il Piano Annuale degli obiettivi costituito da appositi indicatori e parametri di misurazione per i singoli processi d\u2019azienda che interagendo tra di loro implementano il Sistema di gestione dell\u2019Organizzazione Tutto il personale, adeguatamente formato\/addestrato, deve ritenersi coinvolto e responsabilmente partecipe per soddisfare i requisiti dei Clienti e delle altre parti interessate. Il Responsabile Qualit\u00e0 e tutti i responsabili di settore s\u2019impegnano a diffondere e a illustrare con la massima trasparenza tale Politica della qualit\u00e0 a tutti i livelli dell\u2019organizzazione. Le modalit\u00e0 di diffusione della politica della qualit\u00e0 all\u2019interno dell\u2019organizzazione avvengono o per affissione e\/o per comunicazione diretta a tutti i dipendenti. Gli stessi devono comprendere la politica della qualit\u00e0, come si ripercuote su di loro e sul loro ruolo all\u2019interno del Sistema di gestione per la qualit\u00e0 e di segnalare tempestivamente ad AQ eventuali difficolt\u00e0 di applicazioni legate a mutate esigenze interne e\/o esterne o condizioni di contorno. Coerente con quanto scritto, la qualit\u00e0 non pu\u00f2 prescindere da nessuno degli impegni sopra indicati e la mancata soddisfazione, anche di uno solo di essi, \u00e8 da considerarsi come un parziale insuccesso dell\u2019Organizzazione.<\/p>\n\n\n\n<div data-wp-interactive=\"core\/file\" class=\"wp-block-file\"><object data-wp-bind--hidden=\"!state.hasPdfPreview\" hidden class=\"wp-block-file__embed\" data=\"https:\/\/www.fluentis.com\/wp-content\/uploads\/2023\/08\/Politica-della-Qualita-Fluentis-Srl.pdf\" type=\"application\/pdf\" style=\"width:100%;height:600px\" aria-label=\"Incorporamento di Politica della Qualit\u00e0 Fluentis SRL.\"><\/object><a id=\"wp-block-file--media-b75bc74e-c9dd-43cf-8d68-a6773f40567a\" href=\"https:\/\/www.fluentis.com\/wp-content\/uploads\/2023\/08\/Politica-della-Qualita-Fluentis-Srl.pdf\">Politica della Qualit\u00e0 Fluentis SRL<\/a><a href=\"https:\/\/www.fluentis.com\/wp-content\/uploads\/2023\/08\/Politica-della-Qualita-Fluentis-Srl.pdf\" class=\"wp-block-file__button wp-element-button\" download aria-describedby=\"wp-block-file--media-b75bc74e-c9dd-43cf-8d68-a6773f40567a\">Download<\/a><\/div>\n\n\n\n<div data-wp-interactive=\"core\/file\" class=\"wp-block-file\"><object data-wp-bind--hidden=\"!state.hasPdfPreview\" hidden class=\"wp-block-file__embed\" data=\"https:\/\/www.fluentis.com\/wp-content\/uploads\/2023\/08\/Politica-della-qualita-Fluentis-Consulting-Italia-Srl.pdf\" type=\"application\/pdf\" style=\"width:100%;height:600px\" aria-label=\"Incorporamento di Politica della qualit\u00e0 Fluentis Consulting Italia SRL.\"><\/object><a id=\"wp-block-file--media-724bc3dc-11e1-42b9-9578-c35f1fce3874\" href=\"https:\/\/www.fluentis.com\/wp-content\/uploads\/2023\/08\/Politica-della-qualita-Fluentis-Consulting-Italia-Srl.pdf\">Politica della qualit\u00e0 Fluentis Consulting Italia SRL<\/a><a href=\"https:\/\/www.fluentis.com\/wp-content\/uploads\/2023\/08\/Politica-della-qualita-Fluentis-Consulting-Italia-Srl.pdf\" class=\"wp-block-file__button wp-element-button\" download aria-describedby=\"wp-block-file--media-724bc3dc-11e1-42b9-9578-c35f1fce3874\">Download<\/a><\/div>\n","protected":false},"excerpt":{"rendered":"<p>Fluentis \u00e8 un\u2019organizzazione che si prefigge di consolidare e di rafforzare la propria posizione in uno scenario nazionale [&hellip;]<\/p>\n","protected":false},"author":1,"featured_media":0,"parent":0,"menu_order":0,"comment_status":"closed","ping_status":"closed","template":"content.php","meta":{"_acf_changed":false,"content-type":"","footnotes":""},"class_list":["post-3344","page","type-page","status-publish","hentry"],"acf":[],"_links":{"self":[{"href":"https:\/\/www.fluentis.com\/it\/wp-json\/wp\/v2\/pages\/3344","targetHints":{"allow":["GET"]}}],"collection":[{"href":"https:\/\/www.fluentis.com\/it\/wp-json\/wp\/v2\/pages"}],"about":[{"href":"https:\/\/www.fluentis.com\/it\/wp-json\/wp\/v2\/types\/page"}],"author":[{"embeddable":true,"href":"https:\/\/www.fluentis.com\/it\/wp-json\/wp\/v2\/users\/1"}],"replies":[{"embeddable":true,"href":"https:\/\/www.fluentis.com\/it\/wp-json\/wp\/v2\/comments?post=3344"}],"version-history":[{"count":6,"href":"https:\/\/www.fluentis.com\/it\/wp-json\/wp\/v2\/pages\/3344\/revisions"}],"predecessor-version":[{"id":3360,"href":"https:\/\/www.fluentis.com\/it\/wp-json\/wp\/v2\/pages\/3344\/revisions\/3360"}],"wp:attachment":[{"href":"https:\/\/www.fluentis.com\/it\/wp-json\/wp\/v2\/media?parent=3344"}],"curies":[{"name":"wp","href":"https:\/\/api.w.org\/{rel}","templated":true}]}}