{"id":10897,"date":"2023-11-24T17:17:22","date_gmt":"2023-11-24T16:17:22","guid":{"rendered":"https:\/\/www.fluentis.com\/?page_id=10897"},"modified":"2025-06-16T14:43:26","modified_gmt":"2025-06-16T12:43:26","slug":"privacy-policy","status":"publish","type":"page","link":"https:\/\/www.fluentis.com\/it\/privacy-policy\/","title":{"rendered":"Informativa Privacy"},"content":{"rendered":"\n<h3 class=\"wp-block-heading\">Informativa Privacy &#8211; <strong>Art. 13 Regolamento UE 679\/16<\/strong><\/h3>\n\n\n\n<p><strong>Fluentis s.r.l.<\/strong>, in qualit\u00e0 di Titolare del trattamento, ai sensi dell\u2019art. 13 del Regolamento UE 679\/2016 (\u201cRegolamento generale sulla protezione dei dati\u201d, di seguito \u201cGDPR\u201d), con il presente documento informa gli Utenti sulle modalit\u00e0 di trattamento dei dati personali in relazione alla navigazione sul sito www.tempestive.com (di seguito \u201cil Sito\u201d).<\/p>\n\n\n\n<p>L\u2019informativa, resa solo per il Sito e non anche per altri siti web eventualmente consultati dall\u2019Utente tramite link, \u00e8 soggetta a variazioni, conformemente a modifiche legislative e\/o a nuove finalit\u00e0 che potranno essere perseguite tramite il Sito. Vi preghiamo di prendere visione della sezione \u201cUltimo aggiornamento\u201d in fondo a questa pagina per sapere quando l\u2019Informativa \u00e8 stata aggiornata l\u2019ultima volta. Qualsiasi variazione alla presente Informativa entrer\u00e0 in vigore contestualmente alla sua pubblicazione sul Sito.&nbsp;<\/p>\n\n\n\n<ol class=\"wp-block-list\">\n<li><a href=\"#privacy-1\">Titolare del trattamento.<\/a><\/li>\n\n\n\n<li><a href=\"#privacy-2\">Dati di contatto del Responsabile della protezione dei dati<\/a><\/li>\n\n\n\n<li><a href=\"#privacy-3\">Categorie di dati personali oggetto di trattamento, finalit\u00e0, basi giuridiche, natura del conferimento e periodo di conservazione dati<\/a>\n<ul class=\"wp-block-list\">\n<li>Dati di navigazione.<\/li>\n\n\n\n<li>Dati relativi alla registrazione sul Sito e creazione del proprio account<\/li>\n\n\n\n<li>Dati forniti nel form Contatti e nelle richieste di informazioni, anche via chat e via e-mail<\/li>\n\n\n\n<li>Dati forniti nei form di iscrizione ai webinar Fluentis.<\/li>\n\n\n\n<li>Dati relativi all\u2019invio di comunicazioni commerciali &#8211; marketing.<\/li>\n\n\n\n<li>Dati relativi alla candidatura a posizioni lavorative.<\/li>\n<\/ul>\n<\/li>\n\n\n\n<li><a href=\"#privacy-4\">Modalit\u00e0 del trattamento.<\/a><\/li>\n\n\n\n<li><a href=\"#privacy-5\">Comunicazione ai destinatari e diffusione.<\/a><\/li>\n\n\n\n<li><a href=\"#privacy-6\">Diritti dell\u2019Interessato ai sensi degli articoli 15 \u2013 21 GDPR.<\/a><\/li>\n\n\n\n<li><a href=\"#privacy7\">Other.<\/a><\/li>\n<\/ol>\n\n\n\n<div style=\"height:50px\" aria-hidden=\"true\" class=\"wp-block-spacer\"><\/div>\n\n\n\n<h2 class=\"wp-block-heading\" id=\"privacy-1\">1. Titolare del trattamento<\/h2>\n\n\n\n<p>Il Titolare del trattamento \u00e8 <strong>Fluentis s.r.l.,<\/strong> in persona del legale rappresentante <em>pro tempore<\/em>, con sede legale in via Mezzomonte n. 24, 33077 Sacile (PN) P.IVA 01720550936, Telefono 0434 1696346 &#8211; e-mail&nbsp;amministrazione_IT@fluentis.com &#8211; PEC fluentis@legalmail.it (di seguito anche solo \u201cFluentis\u201d o il \u201cTitolare\u201d).<\/p>\n\n\n\n<h2 class=\"wp-block-heading\" id=\"privacy-2\">2. Dati di contatto del Responsabile della protezione dei dati<\/h2>\n\n\n\n<p>Fluentis ha nominato il Responsabile della protezione dei dati previsto dall\u2019art. 37 GDPR (Data Protection Officer &#8211; DPO) reperibile ai seguenti contatti: privacy@fluentis.com<\/p>\n\n\n\n<h2 class=\"wp-block-heading\" id=\"privacy-3\">3. Categorie di dati personali oggetto di trattamento, finalit\u00e0, basi giuridiche, natura del conferimento e periodo di conservazione dati<\/h2>\n\n\n\n<p>Nel Sito possono essere trattate le seguenti categorie di dati:<\/p>\n\n\n\n<h3 class=\"wp-block-heading\">a) Dati di navigazione<\/h3>\n\n\n\n<p><strong>Dati oggetto di trattamento<\/strong>: i sistemi informatici preposti al funzionamento del Sito acquisiscono, nel normale esercizio, alcuni dati personali che vengono poi trasmessi implicitamente nell\u2019uso dei protocolli di comunicazione Internet. Si tratta di informazioni che non sono raccolte per essere associate a interessati identificati ma che per loro stessa natura potrebbero, attraverso elaborazioni e associazioni con dati detenuti da terzi, permettere di identificare gli Utenti. In questa categoria di dati rientrano gli indirizzi IP o i nomi a dominio dei computer utilizzati dagli Utenti che si connettono al Sito, gli indirizzi in notazione URI (Uniform Resource Identifier) delle risorse richieste, l\u2019orario della richiesta, il metodo utilizzato nel sottoporre la richiesta al server, la dimensione del file ottenuto in risposta, il codice numerico indicante lo stato della risposta data dal server (buon fine, errore, ecc.) ed altri parametri relativi al sistema operativo e all\u2019ambiente informatico dell\u2019Utente.<\/p>\n\n\n\n<p><strong>Finalit\u00e0 e base giuridica del trattamento<\/strong>: consentire all\u2019Utente di navigare sul Sito e ricavare informazioni statistiche anonime sull\u2019uso del Sito per controllarne il corretto funzionamento e per determinare quali dati\/contenuti siano pi\u00f9 o meno utili\/interessanti per gli Utenti e poter quindi migliorare l\u2019efficacia del materiale disponibile nel Sito. La base giuridica del trattamento \u00e8 l\u2019interesse legittimo del Titolare (art. 6, par. 1, lett. f) GDPR).<\/p>\n\n\n\n<p><strong>Natura del conferimento: <\/strong>il conferimento dei tuoi dati personali per le finalit\u00e0 sopra indicate \u00e8 obbligatorio. L\u2019eventuale rifiuto di conferire uno o pi\u00f9 dei predetti dati non permetter\u00e0 di usufruire del sito Fluentis.<\/p>\n\n\n\n<p><strong>Periodo di conservazione dei dati<\/strong>: i dati verranno conservati per il tempo strettamente necessario per la finalit\u00e0.<\/p>\n\n\n\n<h3 class=\"wp-block-heading\">b) Dati relativi alla registrazione sul Sito e creazione del proprio account<\/h3>\n\n\n\n<p><strong>Dati oggetto di trattamento<\/strong>: nome e cognome, indirizzo e-mail, numero di telefono, P.IVA, ragione sociale, indirizzi, sede.<\/p>\n\n\n\n<p><strong>Finalit\u00e0 e base giuridica del trattamento<\/strong>: permettere la creazione dell\u2019account personale dell\u2019Utente. La base giuridica \u00e8 data dall\u2019esecuzione del contratto di cui \u00e8 parte l\u2019Interessato\/misure precontrattuali (art. 6, par. 1, lett. b) GDPR).<\/p>\n\n\n\n<p><strong>Natura del conferimento<\/strong>: la comunicazione dei dati \u00e8 obbligatoria, laddove sia contrassegnata come tale (*). Il mancato conferimento dei dati indicati come obbligatori comporter\u00e0 l\u2019impossibilit\u00e0 di procedere con la registrazione sul Sito.<\/p>\n\n\n\n<p><strong>Periodo di conservazione dei dati<\/strong>: i dati verranno conservati per tutta la durata in cui l\u2019account sia attivo. In caso di richiesta di chiusura dell\u2019account, i dati personali verranno conservati per un periodo non eccedente il termine di prescrizione previsto dalla legge per far eventualmente valere o difendere un diritto in giudizio di Fluentis.<\/p>\n\n\n\n<h3 class=\"wp-block-heading\">c) Dati relativi agli acquisti on line<\/h3>\n\n\n\n<p><strong>Dati oggetto di trattamento: <\/strong>indirizzo e-mail, nome e cognome, indirizzo, denominazione sociale, numero di telefono, P.IVA, metodo di pagamento, dati per la fatturazione.<\/p>\n\n\n\n<p><strong>Finalit\u00e0 e base giuridica del trattamento: <\/strong>i dati verranno trattati per concludere gli ordini e adempiere ai relativi obblighi contrattuali, per gli adempimenti amministrativi e contabili, nonch\u00e9 per la tutela dei diritti del Titolare. La base giuridica \u00e8 data dall\u2019esecuzione del contratto di cui \u00e8 parte l\u2019Interessato (art. 6, par. 1, lett. b) GDPR), dall\u2019adempimento degli obblighi di legge (art. 6, par.1, lett. b) GDPR) e dall\u2019interesse legittimo del Titolare (art. 6, par. 1, lett. f) GDPR).<\/p>\n\n\n\n<p><strong>Natura del conferimento<\/strong>: la comunicazione dei dati \u00e8 obbligatoria, laddove sia contrassegnata come tale (*). Il mancato conferimento dei dati indicati come obbligatori comporter\u00e0 l\u2019impossibilit\u00e0 di effettuare gli acquisti sul Sito.<\/p>\n\n\n\n<p><strong>Periodo di conservazione dei dati: <\/strong>i dati verranno conservati per la durata prevista dalla normativa applicabile, anche di natura fiscale.<\/p>\n\n\n\n<h3 class=\"wp-block-heading\">d) Dati forniti nel form Contatti e nelle richieste di informazioni, anche via chat e via e-mail<\/h3>\n\n\n\n<p><strong>Dati oggetto di trattamento<\/strong>: nome e cognome, ragione sociale, indirizzo e-mail, numero di telefono nonch\u00e9 gli eventuali dati personali contenuti nella richiesta.<\/p>\n\n\n\n<p><strong>Finalit\u00e0<\/strong> <strong>e base giuridica del trattamento<\/strong>: i dati verranno trattati per rispondere alle richieste di informazioni inviate dall\u2019Utente nelle sezioni \u201cContattaci\u201d, via chat o tramite l\u2019invio volontario di e-mail. La base giuridica \u00e8 data dall\u2019adempimento di misure precontrattuali adottate su richiesta dell\u2019Interessato (art. 6, paragrafo 1, lettera b) GDPR).<\/p>\n\n\n\n<p><strong>Natura del conferimento<\/strong>: la comunicazione dei dati \u00e8 obbligatoria, laddove sia contrassegnata come tale (*). Il mancato conferimento dei dati indicati come obbligatori impedir\u00e0 la fornitura del supporto richiesto.<\/p>\n\n\n\n<p><strong>Periodo di conservazione dei dati<\/strong>: i dati verranno conservati per il tempo necessario per evadere la richiesta, nel rispetto delle tempistiche previste dalla normativa applicabile.<\/p>\n\n\n\n<h3 class=\"wp-block-heading\">e) Dati forniti nei form di iscrizione ai webinar Fluentis<\/h3>\n\n\n\n<p><strong>Dati oggetto di trattamento<\/strong>: nome e cognome, ragione sociale, indirizzo e-mail, numero di telefono.<\/p>\n\n\n\n<p><strong>Finalit\u00e0<\/strong> <strong>e base giuridica del trattamento<\/strong>: i dati verranno trattati al fine di iscrivere l\u2019utente al webinar richiesto. La base giuridica \u00e8 data dall\u2019esecuzione del contratto di cui \u00e8 parte l\u2019Interessato (art. 6, par. 1, lett. b) GDPR<strong>.<\/strong><\/p>\n\n\n\n<p><strong>Natura del conferimento<\/strong>: la comunicazione dei dati \u00e8 obbligatoria, laddove sia contrassegnata come tale (*). Il mancato conferimento dei dati indicati come obbligatori impedir\u00e0 l\u2019iscrizione al webinar.<\/p>\n\n\n\n<p><strong>Periodo di conservazione dei dati<\/strong>: i dati verranno conservati per il tempo necessario per la gestione dell\u2019evento.<\/p>\n\n\n\n<h3 class=\"wp-block-heading\">f) Dati relativi all\u2019invio di comunicazioni commerciali &#8211; marketing<\/h3>\n\n\n\n<p><strong>Dati oggetto di trattamento<\/strong>: dati forniti quali indirizzo e-mail, numero di telefono, nome e cognome, denominazione sociale.<\/p>\n\n\n\n<p><strong>Finalit\u00e0<\/strong> <strong>e base giuridica del trattamento<\/strong>: i dati verranno trattati per inviare agli Utenti comunicazioni e proposte commerciali, incluse newsletter, sui prodotti e servizi Fluentis, inviti a eventi e webinar Fluentis, sia attraverso strumenti automatizzati quali e-mail, sia tramite strumenti tradizionali quali chiamate con operatore. La base giuridica \u00e8 data consenso dell\u2019Interessato (art. 6, paragrafo 1, lettera a) GDPR).<\/p>\n\n\n\n<p>L\u2019Utente potr\u00e0 revocare il consenso precedentemente prestato al fine di non ricevere pi\u00f9 alcuna comunicazione commerciale su nessuno dei predetti canali (e-mail e numero di telefono), oppure revocarlo solo parzialmente per specifiche modalit\u00e0 di invio, inviando una e-mail al seguente indirizzo privacy@fluentis.com. L\u2019Utente potr\u00e0 cancellarsi dal servizio Newsletter o dalle altre comunicazioni commerciali cliccando altres\u00ec sul link \u201cAnnulla iscrizione\u201d presente in ogni comunicazione. La revoca del consenso non pregiudica la liceit\u00e0 del trattamento basato sul consenso prima della revoca.<\/p>\n\n\n\n<p>Si fa presente che, ai sensi di legge, \u00e8 consentito l\u2019invio di comunicazioni commerciali tramite chiamata con operatore nei confronti di cui non abbia manifestato il dissenso attraverso il Registro delle opposizioni.<\/p>\n\n\n\n<p><strong>Natura del conferimento<\/strong>: la comunicazione dei dati personali per la finalit\u00e0 dell\u2019invio di comunicazioni commerciali \u00e8 facoltativa. Il mancato consenso al trattamento dei dati per tale finalit\u00e0 non precluder\u00e0 in alcun modo l\u2019accesso ai servizi connessi al Sito. Il mancato conferimento dei dati richiesti comporter\u00e0 tuttavia l\u2019impossibilit\u00e0 di ricevere comunicazioni commerciali.<\/p>\n\n\n\n<p><strong>Periodo di conservazione dei dati<\/strong>: i dati verranno conservati fino al periodo di 7 (sette) anni dalla raccolta del consenso, tempistica ritenuta congrua dal titolare per la tipologia di prodotto Fluentis in base ad una adeguata valutazione, nel rispetto del principio di accountability, o fino alla revoca del consenso dell\u2019Interessato, se antecedente.<\/p>\n\n\n\n<h3 class=\"wp-block-heading\">g) Dati relativi alla candidatura a posizioni lavorative<\/h3>\n\n\n\n<p><strong>Dati oggetto di trattamento<\/strong>: nome e cognome, e-mail, indirizzi, numero di telefono, titolo di studio, tutti i dati contenuti nei CV, inclusi eventuali dati particolari ai sensi dell\u2019art. 9 GDPR. Gli interessati sono pregati di inserire nel CV solo i dati necessari per valutare il loro profilo professionale e di non indicare dati particolari ai sensi dell\u2019art. 9 GDPR, ove non strettamente necessario (es. dati idonei a rivelare lo stato di salute quale l\u2019appartenenza a categorie protette). Nel caso in cui nel CV siano contenuti dati non pertinenti rispetto alla finalit\u00e0 perseguita, Fluentis si asterr\u00e0 dall\u2019utilizzare tali informazioni.&nbsp;<\/p>\n\n\n\n<p><strong>Finalit\u00e0 e base giuridica del trattamento<\/strong>: i dati verranno trattati per valutare la candidatura nell\u2019ambito del processo di selezione del personale da parte di Fluentis. La base giuridica del trattamento \u00e8 data dall\u2019esecuzione di misure precontrattuali adottate su richiesta dell\u2019Interessato ai sensi dell\u2019art. 6, par. 1, lettera b) GDPR e, per gli eventuali dati particolari contenuti nel CV, dall\u2019assolvimento degli obblighi e dall\u2019esercizio dei diritti specifici del titolare del trattamento o dell&#8217;interessato in materia di diritto del lavoro ai sensi dell\u2019art. 9, par. 2 lettera b) GDPR.<\/p>\n\n\n\n<p><strong>Natura del conferimento<\/strong>: la comunicazione dei dati \u00e8 obbligatoria, laddove sia contrassegnata come tale (*). Il mancato conferimento dei dati indicati come obbligatori impedir\u00e0 l\u2019invio della propria candidatura.<\/p>\n\n\n\n<p><strong>Periodo di conservazione dei dati<\/strong>: i dati verranno conservati fino a 12 mesi dalla ricezione delle candidature.<\/p>\n\n\n\n<h2 class=\"wp-block-heading\" id=\"privacy-4\">4. Modalit\u00e0 del trattamento<\/h2>\n\n\n\n<p>I dati verranno raccolti per via telematica, protetti da rischi di distruzione, modifica, cancellazione e accessi non autorizzati mediante adeguate misure di sicurezza di carattere fisico, logico ed organizzativo ed ulteriormente trattati, con modalit\u00e0 anche cartacea, nella misura e nei tempi strettamente necessari per dare esecuzione alle finalit\u00e0 sopra indicate.<\/p>\n\n\n\n<p>I dati potranno essere trattati, per le finalit\u00e0 di cui al punto 3, dai soggetti operanti nell\u2019ambito della struttura organizzativa interna del Titolare, appositamente autorizzati ed istruiti in base alle rispettive mansioni, nonch\u00e9 da soggetti esterni necessari per il funzionamento del Sito e l\u2019erogazione dei servizi richiesti, nominati responsabili del trattamento ai sensi dell\u2019art. 28 GDPR.<\/p>\n\n\n\n<p>Non sono presenti processi automatizzati di profilazione.<\/p>\n\n\n\n<h2 class=\"wp-block-heading\" id=\"privacy-5\">5. Comunicazione ai destinatari e diffusione<\/h2>\n\n\n\n<p>I dati acquisiti attraverso il Sito potranno essere comunicati a collaboratori e dipendenti di Fluentis, appositamente autorizzati al trattamento, e ai fornitori di servizi offerti tramite il Sito o connessi al suo funzionamento o ai servizi richiesti, ai consulenti legali e fiscali di Fluentis, in qualit\u00e0 di responsabili del trattamento o titolari autonomi, in base al contesto. I dati potranno inoltre essere comunicati da Fluentis ai propri partner commerciali per lo svolgimento, da parte degli stessi, di azioni commerciali, previo consenso espresso dell\u2019utente.<\/p>\n\n\n\n<p>Al di fuori dei casi sopra indicati, i dati acquisiti attraverso il Sito non verranno comunicati a terzi, salvo che la comunicazione sia prevista da un obbligo di legge o di regolamento, o in caso di ordine proveniente dall\u2019Autorit\u00e0 Giudiziaria o di Pubblica Sicurezza. Nessun dato personale sar\u00e0 oggetto di diffusione.<\/p>\n\n\n\n<p>I dati acquisiti attraverso il Sito non saranno trasferiti verso Paesi Terzi od organizzazioni internazionali. <a><\/a><\/p>\n\n\n\n<h2 class=\"wp-block-heading\" id=\"privacy-6\">6. Diritti dell\u2019Interessato ai sensi degli articoli 15 \u2013 21 GDPR<\/h2>\n\n\n\n<p>Ai sensi degli artt. 15-21 GDPR, gli Interessati hanno il diritto di:<\/p>\n\n\n\n<ul class=\"wp-block-list\">\n<li>ottenere la conferma che sia o meno in corso un trattamento di dati che li riguardano e in tal caso ottenere l\u2019accesso ai propri dati ed alle informazioni (diritto di accesso &#8211; art. 15 GDPR);<\/li>\n\n\n\n<li>ottenere la rettifica dei dati personali inesatti senza ingiustificato ritardo o l\u2019integrazione dei dati personali incompleti (diritto di rettifica &#8211; art. 16 GDPR);<\/li>\n\n\n\n<li>ottenere la cancellazione dei dati senza ingiustificato ritardo, ove applicabile (diritto alla cancellazione &#8211; art. 17 GDPR);<\/li>\n\n\n\n<li>ottenere la limitazione del trattamento (diritto di limitazione di trattamento &#8211; art. 18 GDPR);<\/li>\n\n\n\n<li>opporsi al trattamento in qualsiasi momento per motivi connessi alla propria situazione particolare nonch\u00e9 opporsi al trattamento dei dati per finalit\u00e0 di marketing diretto &nbsp;(diritto di opposizione &#8211; art. 21 GDPR).<\/li>\n<\/ul>\n\n\n\n<p>I diritti possono essere esercitati rivolgendosi a Fluentis s.r.l. con le seguenti modalit\u00e0:<\/p>\n\n\n\n<ul class=\"wp-block-list\">\n<li>contattando il DPO al seguente recapito e-mail privacy@fluentis.com;<\/li>\n\n\n\n<li>presentando una richiesta scritta presso la sede legale in via Mezzomonte n. 24, 33077 Sacile (PN) o inviando una PEC a fluentis@legalmail.it.<\/li>\n<\/ul>\n\n\n\n<p>Gli Interessati hanno altres\u00ec il diritto di proporre reclamo al Garante per la Protezione dei dati personali ai sensi dell\u2019art. 77 GDPR.<\/p>\n\n\n\n<h2 class=\"wp-block-heading\" id=\"privacy7\">7. Other<\/h2>\n\n\n\n<p>Information about the consent to Salespanel for processing of personal data:<\/p>\n\n\n\n<p>We obtain your consent to the processing of personal data on behalf of Salespanel.io. Information collected from cookies set in your device that qualify as personal data will be processed by Salespanel.<\/p>\n\n\n\n<p>The purpose of the processing of the personal data: Salespanel helps us to identify and qualify relevant leads by tracking their activities. This information is only meant to be used for our internal purposes and never shared with any kind of advertising services. Salespanel only uses first-party cookies and stores all client data in a fully encrypted environment and uses ECDSA Signature with SHA-256 for data exchange. In order to learn more about Salespanel&#8217;s privacy policy, please visit: https:\/\/salespanel.io\/privacy\/<\/p>\n\n\n\n<p>You may at any time withdraw your consent to this processing. Such withdrawal may be made either by contacting us or by contacting Salespanel Directly:<\/p>\n\n\n\n<p>Salespanel \/ Vardhaman Syndicate<br><a href=\"https:\/\/salespanel.io\" target=\"_blank\" rel=\"noopener\">https:\/\/salespanel.io<\/a><br>1303, Ganga Platino, Fountain Road,<br>Kharadi, Pune.<br>India &#8211; 411014<\/p>\n\n\n\n<p>Email at: support(at)salespanel.io<\/p>\n\n\n\n<p><strong>Ultimo aggiornamento 16\/06\/2025<\/strong><\/p>\n\n\n\n<p><a id=\"_msocom_1\"><\/a><\/p>\n","protected":false},"excerpt":{"rendered":"<p>Informativa Privacy &#8211; Art. 13 Regolamento UE 679\/16 Fluentis s.r.l., in qualit\u00e0 di Titolare del trattamento, ai sensi [&hellip;]<\/p>\n","protected":false},"author":1,"featured_media":7370,"parent":0,"menu_order":0,"comment_status":"closed","ping_status":"closed","template":"content.php","meta":{"_acf_changed":false,"content-type":"","footnotes":""},"class_list":["post-10897","page","type-page","status-publish","has-post-thumbnail","hentry"],"acf":[],"_links":{"self":[{"href":"https:\/\/www.fluentis.com\/it\/wp-json\/wp\/v2\/pages\/10897","targetHints":{"allow":["GET"]}}],"collection":[{"href":"https:\/\/www.fluentis.com\/it\/wp-json\/wp\/v2\/pages"}],"about":[{"href":"https:\/\/www.fluentis.com\/it\/wp-json\/wp\/v2\/types\/page"}],"author":[{"embeddable":true,"href":"https:\/\/www.fluentis.com\/it\/wp-json\/wp\/v2\/users\/1"}],"replies":[{"embeddable":true,"href":"https:\/\/www.fluentis.com\/it\/wp-json\/wp\/v2\/comments?post=10897"}],"version-history":[{"count":6,"href":"https:\/\/www.fluentis.com\/it\/wp-json\/wp\/v2\/pages\/10897\/revisions"}],"predecessor-version":[{"id":13617,"href":"https:\/\/www.fluentis.com\/it\/wp-json\/wp\/v2\/pages\/10897\/revisions\/13617"}],"wp:featuredmedia":[{"embeddable":true,"href":"https:\/\/www.fluentis.com\/it\/wp-json\/wp\/v2\/media\/7370"}],"wp:attachment":[{"href":"https:\/\/www.fluentis.com\/it\/wp-json\/wp\/v2\/media?parent=10897"}],"curies":[{"name":"wp","href":"https:\/\/api.w.org\/{rel}","templated":true}]}}