{"id":7986,"date":"2023-07-27T13:45:28","date_gmt":"2023-07-27T11:45:28","guid":{"rendered":"https:\/\/www.fluentis.com\/sistemi-erp\/"},"modified":"2026-03-10T13:38:50","modified_gmt":"2026-03-10T12:38:50","slug":"erp-rjesenja","status":"publish","type":"page","link":"https:\/\/www.fluentis.com\/hr\/erp-rjesenja\/","title":{"rendered":"\u0160to je ERP i kako mo\u017ee unaprijediti va\u0161e poslovanje?"},"content":{"rendered":"","protected":false},"excerpt":{"rendered":"","protected":false},"author":1,"featured_media":4390,"parent":0,"menu_order":0,"comment_status":"closed","ping_status":"closed","template":"page-no-breadcrumbs.php","meta":{"_acf_changed":false,"content-type":"","footnotes":""},"class_list":["post-7986","page","type-page","status-publish","has-post-thumbnail","hentry"],"acf":[],"_links":{"self":[{"href":"https:\/\/www.fluentis.com\/hr\/wp-json\/wp\/v2\/pages\/7986","targetHints":{"allow":["GET"]}}],"collection":[{"href":"https:\/\/www.fluentis.com\/hr\/wp-json\/wp\/v2\/pages"}],"about":[{"href":"https:\/\/www.fluentis.com\/hr\/wp-json\/wp\/v2\/types\/page"}],"author":[{"embeddable":true,"href":"https:\/\/www.fluentis.com\/hr\/wp-json\/wp\/v2\/users\/1"}],"replies":[{"embeddable":true,"href":"https:\/\/www.fluentis.com\/hr\/wp-json\/wp\/v2\/comments?post=7986"}],"version-history":[{"count":73,"href":"https:\/\/www.fluentis.com\/hr\/wp-json\/wp\/v2\/pages\/7986\/revisions"}],"predecessor-version":[{"id":15580,"href":"https:\/\/www.fluentis.com\/hr\/wp-json\/wp\/v2\/pages\/7986\/revisions\/15580"}],"wp:featuredmedia":[{"embeddable":true,"href":"https:\/\/www.fluentis.com\/hr\/wp-json\/wp\/v2\/media\/4390"}],"wp:attachment":[{"href":"https:\/\/www.fluentis.com\/hr\/wp-json\/wp\/v2\/media?parent=7986"}],"curies":[{"name":"wp","href":"https:\/\/api.w.org\/{rel}","templated":true}]}}