{"id":7823,"date":"2023-07-31T09:52:43","date_gmt":"2023-07-31T07:52:43","guid":{"rendered":"https:\/\/www.fluentis.com\/digital-transformation\/"},"modified":"2024-05-27T12:23:11","modified_gmt":"2024-05-27T10:23:11","slug":"digitalna-transformacija","status":"publish","type":"page","link":"https:\/\/www.fluentis.com\/hr\/digitalna-transformacija\/","title":{"rendered":"Digitalna transformacija:<br> \u0161to je i za\u0161to je va\u017ena za poslovanje?"},"content":{"rendered":"","protected":false},"excerpt":{"rendered":"","protected":false},"author":1,"featured_media":4447,"parent":0,"menu_order":0,"comment_status":"closed","ping_status":"closed","template":"page-no-breadcrumbs.php","meta":{"_acf_changed":false,"content-type":"","footnotes":""},"class_list":["post-7823","page","type-page","status-publish","has-post-thumbnail","hentry"],"acf":[],"_links":{"self":[{"href":"https:\/\/www.fluentis.com\/hr\/wp-json\/wp\/v2\/pages\/7823","targetHints":{"allow":["GET"]}}],"collection":[{"href":"https:\/\/www.fluentis.com\/hr\/wp-json\/wp\/v2\/pages"}],"about":[{"href":"https:\/\/www.fluentis.com\/hr\/wp-json\/wp\/v2\/types\/page"}],"author":[{"embeddable":true,"href":"https:\/\/www.fluentis.com\/hr\/wp-json\/wp\/v2\/users\/1"}],"replies":[{"embeddable":true,"href":"https:\/\/www.fluentis.com\/hr\/wp-json\/wp\/v2\/comments?post=7823"}],"version-history":[{"count":34,"href":"https:\/\/www.fluentis.com\/hr\/wp-json\/wp\/v2\/pages\/7823\/revisions"}],"predecessor-version":[{"id":11880,"href":"https:\/\/www.fluentis.com\/hr\/wp-json\/wp\/v2\/pages\/7823\/revisions\/11880"}],"wp:featuredmedia":[{"embeddable":true,"href":"https:\/\/www.fluentis.com\/hr\/wp-json\/wp\/v2\/media\/4447"}],"wp:attachment":[{"href":"https:\/\/www.fluentis.com\/hr\/wp-json\/wp\/v2\/media?parent=7823"}],"curies":[{"name":"wp","href":"https:\/\/api.w.org\/{rel}","templated":true}]}}