{"id":7805,"date":"2023-07-27T13:46:43","date_gmt":"2023-07-27T11:46:43","guid":{"rendered":"https:\/\/www.fluentis.com\/cambiare-gestionale\/"},"modified":"2024-01-30T15:34:50","modified_gmt":"2024-01-30T14:34:50","slug":"promjena-poslovnog-rjesenja","status":"publish","type":"page","link":"https:\/\/www.fluentis.com\/hr\/promjena-poslovnog-rjesenja\/","title":{"rendered":"Promjena poslovnog rje\u0161enja: za\u0161to i kada<br> to u\u010diniti"},"content":{"rendered":"","protected":false},"excerpt":{"rendered":"","protected":false},"author":1,"featured_media":6440,"parent":0,"menu_order":0,"comment_status":"closed","ping_status":"closed","template":"page-no-breadcrumbs.php","meta":{"_acf_changed":false,"content-type":"","footnotes":""},"class_list":["post-7805","page","type-page","status-publish","has-post-thumbnail","hentry"],"acf":[],"_links":{"self":[{"href":"https:\/\/www.fluentis.com\/hr\/wp-json\/wp\/v2\/pages\/7805","targetHints":{"allow":["GET"]}}],"collection":[{"href":"https:\/\/www.fluentis.com\/hr\/wp-json\/wp\/v2\/pages"}],"about":[{"href":"https:\/\/www.fluentis.com\/hr\/wp-json\/wp\/v2\/types\/page"}],"author":[{"embeddable":true,"href":"https:\/\/www.fluentis.com\/hr\/wp-json\/wp\/v2\/users\/1"}],"replies":[{"embeddable":true,"href":"https:\/\/www.fluentis.com\/hr\/wp-json\/wp\/v2\/comments?post=7805"}],"version-history":[{"count":21,"href":"https:\/\/www.fluentis.com\/hr\/wp-json\/wp\/v2\/pages\/7805\/revisions"}],"predecessor-version":[{"id":11376,"href":"https:\/\/www.fluentis.com\/hr\/wp-json\/wp\/v2\/pages\/7805\/revisions\/11376"}],"wp:featuredmedia":[{"embeddable":true,"href":"https:\/\/www.fluentis.com\/hr\/wp-json\/wp\/v2\/media\/6440"}],"wp:attachment":[{"href":"https:\/\/www.fluentis.com\/hr\/wp-json\/wp\/v2\/media?parent=7805"}],"curies":[{"name":"wp","href":"https:\/\/api.w.org\/{rel}","templated":true}]}}