{"id":14453,"date":"2023-08-22T10:29:03","date_gmt":"2023-08-22T08:29:03","guid":{"rendered":"https:\/\/www.fluentis.com\/politiche-per-la-qualita\/"},"modified":"2026-02-16T16:43:46","modified_gmt":"2026-02-16T15:43:46","slug":"politica-de-calidad","status":"publish","type":"page","link":"https:\/\/www.fluentis.com\/es\/politica-de-calidad\/","title":{"rendered":"Pol\u00edtica de Calidad"},"content":{"rendered":"\n<p>Fluentis es una organizaci\u00f3n que busca consolidar y fortalecer su posici\u00f3n en el escenario nacional y, en particular, en el campo internacional, caracterizado por:<\/p>\n\n\n\n<ul class=\"wp-block-list\">\n<li>Requerimientos cada vez m\u00e1s exigentes de los clientes;<\/li>\n\n\n\n<li>Evoluci\u00f3n de los est\u00e1ndares de calidad de los productos y de las tecnolog\u00edas inform\u00e1ticas, orientados al m\u00e1ximo cumplimiento de los requisitos expl\u00edcitos e impl\u00edcitos.<\/li>\n<\/ul>\n\n\n\n<p>Esto implica perseguir con determinaci\u00f3n la plena satisfacci\u00f3n del cliente y de las dem\u00e1s partes interesadas, tales como los empleados, los proveedores, los socios y la comunidad en general.<\/p>\n\n\n\n<p>Las necesidades y expectativas de los clientes deben ser correctamente comprendidas y transmitidas al interior de la Empresa para que sean asimiladas e interiorizadas en todos los niveles, mediante el uso de medios tecnol\u00f3gicos e innovadores. De esta manera, el desarrollo de las actividades se vuelve cada vez m\u00e1s eficiente y eficaz.<\/p>\n\n\n\n<p>Con esta premisa, la organizaci\u00f3n entiende la Calidad como:<\/p>\n\n\n\n<ul class=\"wp-block-list\">\n<li>Una herramienta para crear valor patrimonial empresarial y personal;<\/li>\n\n\n\n<li>Un instrumento para incrementar la rentabilidad;<\/li>\n\n\n\n<li>Un elemento diferenciador;<\/li>\n\n\n\n<li>Una herramienta de gesti\u00f3n;<\/li>\n\n\n\n<li>Un medio para llevar la empresa de un nivel de calidad al de excelencia, incrementando y diversificando el negocio.<\/li>\n<\/ul>\n\n\n\n<p>Todos, con foco en los requisitos y expectativas del cliente\/mercado y en los requisitos regulatorios aplicables, deben enfocarse en optimizar, en el tiempo, el desempe\u00f1o global:<\/p>\n\n\n\n<ul class=\"wp-block-list\">\n<li><strong>Bas\u00e1ndose <\/strong>en hechos y datos irrefutables;<\/li>\n\n\n\n<li><strong>Utilizando <\/strong>siempre, instalaciones, equipos y recursos humanos necesarios para producir lo requerido, cumpliendo las normas vigentes en materia de medio ambiente, seguridad y prevenci\u00f3n;<\/li>\n\n\n\n<li><strong>Desarrollando <\/strong>las actividades siguiendo la l\u00f3gica de planificar, ejecutar, verificar, actuar para la mejora y consolidar;<\/li>\n\n\n\n<li><strong>Siguiendo <\/strong>los principios fundamentales de la calidad y la \u00e9tica hacia los clientes, colaboradores, empleados, proveedores y dem\u00e1s partes interesadas;<\/li>\n\n\n\n<li><strong>Controlando<\/strong>, gestionando y mejorando los procesos empresariales, midiendo continuamente el desempe\u00f1o en funci\u00f3n de los objetivos establecidos y corrigiendo posibles desviaciones.<\/li>\n<\/ul>\n\n\n\n<p>La mejora continua se realiza a trav\u00e9s de la revisi\u00f3n anual de nuestro Sistema de Gesti\u00f3n de Calidad, coherente con esta Pol\u00edtica y el Plan Anual de Objetivos, que se compone de indicadores y par\u00e1metros de medici\u00f3n espec\u00edficos para los diferentes procesos de la empresa, los cuales, al interactuar entre s\u00ed, implementan el Sistema de Gesti\u00f3n de la Organizaci\u00f3n.<\/p>\n\n\n\n<p>Todo el personal, debidamente capacitado y entrenado, debe sentirse involucrado y participar de manera responsable para satisfacer los requisitos de los clientes y de las dem\u00e1s partes interesadas.<\/p>\n\n\n\n<p>El Responsable de Calidad y todos los responsables de \u00e1rea se comprometen a difundir y explicar esta Pol\u00edtica de Calidad con la m\u00e1xima transparencia en todos los niveles de la organizaci\u00f3n.<\/p>\n\n\n\n<p>La difusi\u00f3n de la Pol\u00edtica de Calidad dentro de la organizaci\u00f3n se realiza mediante la publicaci\u00f3n y\/o comunicaci\u00f3n directa a todos los empleados. Todos deben comprender la Pol\u00edtica de Calidad, c\u00f3mo los impacta y c\u00f3mo influye en su rol dentro del Sistema de Gesti\u00f3n de Calidad, y reportar de manera oportuna al \u00c1rea de Calidad cualquier dificultad relacionada con la aplicaci\u00f3n de la misma, debida a cambios de requisitos internos y\/o externos o condiciones de contexto.<\/p>\n\n\n\n<p>En coherencia con lo anterior, la calidad no puede prescindir de ninguno de los compromisos aqu\u00ed expuestos, y el incumplimiento, aunque sea de uno solo, se considera un fracaso parcial de la organizaci\u00f3n.<\/p>\n\n\n\n<div data-wp-interactive=\"core\/file\" class=\"wp-block-file\"><object data-wp-bind--hidden=\"!state.hasPdfPreview\" hidden class=\"wp-block-file__embed\" data=\"https:\/\/www.fluentis.com\/wp-content\/uploads\/2023\/08\/Politica-della-Qualita-Fluentis-Srl.pdf\" type=\"application\/pdf\" style=\"width:100%;height:600px\" aria-label=\"Incrustado de Pol\u00edtica de la Calidad Fluentis SRL.\"><\/object><a id=\"wp-block-file--media-b75bc74e-c9dd-43cf-8d68-a6773f40567a\" href=\"https:\/\/www.fluentis.com\/wp-content\/uploads\/2023\/08\/Politica-della-Qualita-Fluentis-Srl.pdf\">Pol\u00edtica de la Calidad Fluentis SRL<\/a><a href=\"https:\/\/www.fluentis.com\/wp-content\/uploads\/2023\/08\/Politica-della-Qualita-Fluentis-Srl.pdf\" class=\"wp-block-file__button wp-element-button\" download aria-describedby=\"wp-block-file--media-b75bc74e-c9dd-43cf-8d68-a6773f40567a\">Download<\/a><\/div>\n\n\n\n<div data-wp-interactive=\"core\/file\" class=\"wp-block-file\"><object data-wp-bind--hidden=\"!state.hasPdfPreview\" hidden class=\"wp-block-file__embed\" data=\"https:\/\/www.fluentis.com\/wp-content\/uploads\/2023\/08\/Politica-della-qualita-Fluentis-Consulting-Italia-Srl.pdf\" type=\"application\/pdf\" style=\"width:100%;height:600px\" aria-label=\"Incrustado de Pol\u00edtica de la Calidad Fluentis Consulting Italia SRL.\"><\/object><a id=\"wp-block-file--media-724bc3dc-11e1-42b9-9578-c35f1fce3874\" href=\"https:\/\/www.fluentis.com\/wp-content\/uploads\/2023\/08\/Politica-della-qualita-Fluentis-Consulting-Italia-Srl.pdf\">Pol\u00edtica de la Calidad Fluentis Consulting Italia SRL<\/a><a href=\"https:\/\/www.fluentis.com\/wp-content\/uploads\/2023\/08\/Politica-della-qualita-Fluentis-Consulting-Italia-Srl.pdf\" class=\"wp-block-file__button wp-element-button\" download aria-describedby=\"wp-block-file--media-724bc3dc-11e1-42b9-9578-c35f1fce3874\">Download<\/a><\/div>\n\n\n\n<p><\/p>\n","protected":false},"excerpt":{"rendered":"<p>Fluentis es una organizaci\u00f3n que busca consolidar y fortalecer su posici\u00f3n en el escenario nacional y, en particular, [&hellip;]<\/p>\n","protected":false},"author":1,"featured_media":0,"parent":0,"menu_order":0,"comment_status":"closed","ping_status":"closed","template":"content.php","meta":{"_acf_changed":false,"content-type":"","footnotes":""},"class_list":["post-14453","page","type-page","status-publish","hentry"],"acf":[],"_links":{"self":[{"href":"https:\/\/www.fluentis.com\/es\/wp-json\/wp\/v2\/pages\/14453","targetHints":{"allow":["GET"]}}],"collection":[{"href":"https:\/\/www.fluentis.com\/es\/wp-json\/wp\/v2\/pages"}],"about":[{"href":"https:\/\/www.fluentis.com\/es\/wp-json\/wp\/v2\/types\/page"}],"author":[{"embeddable":true,"href":"https:\/\/www.fluentis.com\/es\/wp-json\/wp\/v2\/users\/1"}],"replies":[{"embeddable":true,"href":"https:\/\/www.fluentis.com\/es\/wp-json\/wp\/v2\/comments?post=14453"}],"version-history":[{"count":2,"href":"https:\/\/www.fluentis.com\/es\/wp-json\/wp\/v2\/pages\/14453\/revisions"}],"predecessor-version":[{"id":14569,"href":"https:\/\/www.fluentis.com\/es\/wp-json\/wp\/v2\/pages\/14453\/revisions\/14569"}],"wp:attachment":[{"href":"https:\/\/www.fluentis.com\/es\/wp-json\/wp\/v2\/media?parent=14453"}],"curies":[{"name":"wp","href":"https:\/\/api.w.org\/{rel}","templated":true}]}}