{"id":14085,"date":"2023-07-11T16:46:26","date_gmt":"2023-07-11T14:46:26","guid":{"rendered":"https:\/\/www.fluentis.com\/gestionale-fluentis-erp\/fast-start\/"},"modified":"2026-01-20T10:30:21","modified_gmt":"2026-01-20T09:30:21","slug":"erp-implementacion-rapida","status":"publish","type":"page","link":"https:\/\/www.fluentis.com\/es\/fluentis-erp\/erp-implementacion-rapida\/","title":{"rendered":"Implementaci\u00f3n r\u00e1pida con Comienzo R\u00e1pido"},"content":{"rendered":"","protected":false},"excerpt":{"rendered":"","protected":false},"author":1,"featured_media":14087,"parent":14024,"menu_order":0,"comment_status":"closed","ping_status":"closed","template":"","meta":{"_acf_changed":false,"content-type":"","footnotes":""},"class_list":["post-14085","page","type-page","status-publish","has-post-thumbnail","hentry"],"acf":[],"_links":{"self":[{"href":"https:\/\/www.fluentis.com\/es\/wp-json\/wp\/v2\/pages\/14085","targetHints":{"allow":["GET"]}}],"collection":[{"href":"https:\/\/www.fluentis.com\/es\/wp-json\/wp\/v2\/pages"}],"about":[{"href":"https:\/\/www.fluentis.com\/es\/wp-json\/wp\/v2\/types\/page"}],"author":[{"embeddable":true,"href":"https:\/\/www.fluentis.com\/es\/wp-json\/wp\/v2\/users\/1"}],"replies":[{"embeddable":true,"href":"https:\/\/www.fluentis.com\/es\/wp-json\/wp\/v2\/comments?post=14085"}],"version-history":[{"count":5,"href":"https:\/\/www.fluentis.com\/es\/wp-json\/wp\/v2\/pages\/14085\/revisions"}],"predecessor-version":[{"id":14804,"href":"https:\/\/www.fluentis.com\/es\/wp-json\/wp\/v2\/pages\/14085\/revisions\/14804"}],"up":[{"embeddable":true,"href":"https:\/\/www.fluentis.com\/es\/wp-json\/wp\/v2\/pages\/14024"}],"wp:featuredmedia":[{"embeddable":true,"href":"https:\/\/www.fluentis.com\/es\/wp-json\/wp\/v2\/media\/14087"}],"wp:attachment":[{"href":"https:\/\/www.fluentis.com\/es\/wp-json\/wp\/v2\/media?parent=14085"}],"curies":[{"name":"wp","href":"https:\/\/api.w.org\/{rel}","templated":true}]}}